{"id":2,"date":"2016-05-10T03:48:21","date_gmt":"2016-05-10T03:48:21","guid":{"rendered":"https:\/\/www.andreamizzau.com\/?page_id=2"},"modified":"2020-11-17T19:36:00","modified_gmt":"2020-11-17T19:36:00","slug":"sample-page","status":"publish","type":"page","link":"https:\/\/www.andreamizzau.com\/?page_id=2","title":{"rendered":"Bio"},"content":{"rendered":"<p>Andrea Mizzau \u00e8 attivo nel mondo artistico fiorentino e italiano da pi\u00f9 di 20 anni.<br \/>\nHa iniziato la sua carriera come scultore ampliando poi il campo di espressione verso l&#8217;installazione, il complemento d&#8217;architettura, l&#8217;oggetto d&#8217;uso e il gioiello.<br \/>\nE&#8217; uno specialista di ogni tipo di metallo e ha sviluppato tecniche di lavorazione uniche e originali che lasciano un segno inconfondibile sui suoi oggetti.<br \/>\nGli esclusivi oggetti da lui creati, grazie all&#8217;uso di simboli antropologici millenari, offrono uno sguardo pi\u00f9 ampio su ci\u00f2 che dell&#8217;antico pu\u00f2 essere portato nel presente.<br \/>\nIntrecciando e legando a mano barre di rame, senza l&#8217;ausilio di saldature e seguendo una modalit\u00e0 organico-analogica, costruisce gazebo che si\u00a0 integrano in modo armonico con la vegetazione ed il paesaggio circostanti.<br \/>\nQuesti gazebo sono progettati ed eseguiti sul posto secondo l&#8217;orientamento in modo da creare un luogo accogliente, uno spazio-piacere in giardini e terrazzi.<\/p>\n<blockquote><p>The XYZ Doohickey Company was founded in 1971, and has been providing quality doohickeys to the public ever since. Located in Gotham City, XYZ employs over 2,000 people and does all kinds of awesome things for the Gotham community.<\/p><\/blockquote>\n<p>As a new WordPress user, you should go to <a href=\"https:\/\/www.andreamizzau.com\/wp-admin\/\">your dashboard<\/a> to delete this page and create new pages for your content. Have fun!<\/p>\n","protected":false},"excerpt":{"rendered":"<p>Andrea Mizzau \u00e8 attivo nel mondo artistico fiorentino e italiano da pi\u00f9 di 20 anni. Ha iniziato la sua carriera come scultore ampliando poi il campo di espressione verso l&#8217;installazione, il complemento d&#8217;architettura, l&#8217;oggetto d&#8217;uso e il gioiello. E&#8217; uno specialista di ogni tipo di metallo e ha sviluppato tecniche di lavorazione uniche e originali [&hellip;]<\/p>\n","protected":false},"author":1,"featured_media":0,"parent":0,"menu_order":0,"comment_status":"closed","ping_status":"open","template":"","meta":{"footnotes":""},"class_list":["post-2","page","type-page","status-publish","hentry"],"_links":{"self":[{"href":"https:\/\/www.andreamizzau.com\/index.php?rest_route=\/wp\/v2\/pages\/2","targetHints":{"allow":["GET"]}}],"collection":[{"href":"https:\/\/www.andreamizzau.com\/index.php?rest_route=\/wp\/v2\/pages"}],"about":[{"href":"https:\/\/www.andreamizzau.com\/index.php?rest_route=\/wp\/v2\/types\/page"}],"author":[{"embeddable":true,"href":"https:\/\/www.andreamizzau.com\/index.php?rest_route=\/wp\/v2\/users\/1"}],"replies":[{"embeddable":true,"href":"https:\/\/www.andreamizzau.com\/index.php?rest_route=%2Fwp%2Fv2%2Fcomments&post=2"}],"version-history":[{"count":2,"href":"https:\/\/www.andreamizzau.com\/index.php?rest_route=\/wp\/v2\/pages\/2\/revisions"}],"predecessor-version":[{"id":9,"href":"https:\/\/www.andreamizzau.com\/index.php?rest_route=\/wp\/v2\/pages\/2\/revisions\/9"}],"wp:attachment":[{"href":"https:\/\/www.andreamizzau.com\/index.php?rest_route=%2Fwp%2Fv2%2Fmedia&parent=2"}],"curies":[{"name":"wp","href":"https:\/\/api.w.org\/{rel}","templated":true}]}}